{"id":3276,"date":"2018-06-15T09:34:58","date_gmt":"2018-06-15T07:34:58","guid":{"rendered":"http:\/\/bfab.nu\/?post_type=product&#038;p=3276"},"modified":"2018-06-15T11:21:13","modified_gmt":"2018-06-15T09:21:13","slug":"mc-30-lager-miljocontainer","status":"publish","type":"product","link":"https:\/\/bfab.nu\/no\/produkter\/miljo-og-lagercontainere\/mc-30-lager-miljocontainer\/","title":{"rendered":"MC-30 lager \/ milj\u00f8container"},"content":{"rendered":"<p>Forsterket BIO-container med hydraulisk hevbart tak<\/p>\n<p>Sidehengslet, 100% v\u00e6sketett bakd\u00f8r med sikkerhetsl\u00e5ser<\/p>\n<p>Tappekran<\/p>\n","protected":false},"excerpt":{"rendered":"<h4>Dokument<\/h4>\n<p>[pdf_all_attachments]<\/p>\n","protected":false},"featured_media":3274,"template":"","meta":[],"product_brand":[],"product_cat":[70],"product_tag":[],"class_list":{"0":"post-3276","1":"product","2":"type-product","3":"status-publish","4":"has-post-thumbnail","6":"product_cat-miljo-og-lagercontainere","7":"description-off","9":"first","10":"instock","11":"shipping-taxable","12":"product-type-simple"},"_links":{"self":[{"href":"https:\/\/bfab.nu\/no\/wp-json\/wp\/v2\/product\/3276","targetHints":{"allow":["GET"]}}],"collection":[{"href":"https:\/\/bfab.nu\/no\/wp-json\/wp\/v2\/product"}],"about":[{"href":"https:\/\/bfab.nu\/no\/wp-json\/wp\/v2\/types\/product"}],"wp:featuredmedia":[{"embeddable":true,"href":"https:\/\/bfab.nu\/no\/wp-json\/wp\/v2\/media\/3274"}],"wp:attachment":[{"href":"https:\/\/bfab.nu\/no\/wp-json\/wp\/v2\/media?parent=3276"}],"wp:term":[{"taxonomy":"product_brand","embeddable":true,"href":"https:\/\/bfab.nu\/no\/wp-json\/wp\/v2\/product_brand?post=3276"},{"taxonomy":"product_cat","embeddable":true,"href":"https:\/\/bfab.nu\/no\/wp-json\/wp\/v2\/product_cat?post=3276"},{"taxonomy":"product_tag","embeddable":true,"href":"https:\/\/bfab.nu\/no\/wp-json\/wp\/v2\/product_tag?post=3276"}],"curies":[{"name":"wp","href":"https:\/\/api.w.org\/{rel}","templated":true}]}}