{"id":3261,"date":"2018-06-14T13:22:29","date_gmt":"2018-06-14T11:22:29","guid":{"rendered":"http:\/\/bfab.nu\/?post_type=product&#038;p=3261"},"modified":"2018-06-14T13:24:14","modified_gmt":"2018-06-14T11:24:14","slug":"lvmp-6200-crb","status":"publish","type":"product","link":"https:\/\/bfab.nu\/no\/produkter\/lemflak\/lvmp-6200-crb\/","title":{"rendered":"LVMP-6200-CRB"},"content":{"rendered":"<p>Lasteflak med alu-karmer<\/p>\n<p>For transport av paller og annet stykkgods<\/p>\n<p>3-delte sider med nedfellbare karmer. Kinnegripstaker<\/p>\n<p>2-delte, sidehengslede bakd\u00f8rer<\/p>\n<p>4mm Domex st\u00e5l i bunnen<\/p>\n<p>Kranhylser innmontert bak<\/p>\n<p>Vi kan levere lemflak med andre m\u00e5l og spesifikasjoner p\u00e5 foresp\u00f8rsel<\/p>\n","protected":false},"excerpt":{"rendered":"<h4>Dokument<\/h4>\n<p>[pdf_all_attachments]<\/p>\n","protected":false},"featured_media":3262,"template":"","meta":[],"product_brand":[],"product_cat":[73],"product_tag":[],"class_list":{"0":"post-3261","1":"product","2":"type-product","3":"status-publish","4":"has-post-thumbnail","6":"product_cat-lemflak","7":"description-off","9":"first","10":"instock","11":"shipping-taxable","12":"product-type-simple"},"_links":{"self":[{"href":"https:\/\/bfab.nu\/no\/wp-json\/wp\/v2\/product\/3261","targetHints":{"allow":["GET"]}}],"collection":[{"href":"https:\/\/bfab.nu\/no\/wp-json\/wp\/v2\/product"}],"about":[{"href":"https:\/\/bfab.nu\/no\/wp-json\/wp\/v2\/types\/product"}],"wp:featuredmedia":[{"embeddable":true,"href":"https:\/\/bfab.nu\/no\/wp-json\/wp\/v2\/media\/3262"}],"wp:attachment":[{"href":"https:\/\/bfab.nu\/no\/wp-json\/wp\/v2\/media?parent=3261"}],"wp:term":[{"taxonomy":"product_brand","embeddable":true,"href":"https:\/\/bfab.nu\/no\/wp-json\/wp\/v2\/product_brand?post=3261"},{"taxonomy":"product_cat","embeddable":true,"href":"https:\/\/bfab.nu\/no\/wp-json\/wp\/v2\/product_cat?post=3261"},{"taxonomy":"product_tag","embeddable":true,"href":"https:\/\/bfab.nu\/no\/wp-json\/wp\/v2\/product_tag?post=3261"}],"curies":[{"name":"wp","href":"https:\/\/api.w.org\/{rel}","templated":true}]}}