{"id":3113,"date":"2018-05-15T17:06:07","date_gmt":"2018-05-15T15:06:07","guid":{"rendered":"http:\/\/bfab.nu\/produkter\/ukategorisert\/lv-sakerhetslas-sprint-infastning-ramdel\/"},"modified":"2018-05-15T17:06:07","modified_gmt":"2018-05-15T15:06:07","slug":"lv-sakerhetslas-sprint-infastning-ramdel","status":"publish","type":"product","link":"https:\/\/bfab.nu\/no\/produkter\/reservdelar-no\/lv-sakerhetslas-sprint-infastning-ramdel\/","title":{"rendered":"LV S\u00e4kerhetsl\u00e5s, sprint, inf\u00e4stning ramdel"},"content":{"rendered":"","protected":false},"excerpt":{"rendered":"","protected":false},"featured_media":2464,"template":"","meta":[],"product_brand":[],"product_cat":[95],"product_tag":[],"class_list":{"0":"post-3113","1":"product","2":"type-product","3":"status-publish","4":"has-post-thumbnail","6":"product_cat-reservdelar-no","7":"description-off","9":"first","10":"instock","11":"shipping-taxable","12":"product-type-simple"},"_links":{"self":[{"href":"https:\/\/bfab.nu\/no\/wp-json\/wp\/v2\/product\/3113","targetHints":{"allow":["GET"]}}],"collection":[{"href":"https:\/\/bfab.nu\/no\/wp-json\/wp\/v2\/product"}],"about":[{"href":"https:\/\/bfab.nu\/no\/wp-json\/wp\/v2\/types\/product"}],"wp:featuredmedia":[{"embeddable":true,"href":"https:\/\/bfab.nu\/no\/wp-json\/wp\/v2\/media\/2464"}],"wp:attachment":[{"href":"https:\/\/bfab.nu\/no\/wp-json\/wp\/v2\/media?parent=3113"}],"wp:term":[{"taxonomy":"product_brand","embeddable":true,"href":"https:\/\/bfab.nu\/no\/wp-json\/wp\/v2\/product_brand?post=3113"},{"taxonomy":"product_cat","embeddable":true,"href":"https:\/\/bfab.nu\/no\/wp-json\/wp\/v2\/product_cat?post=3113"},{"taxonomy":"product_tag","embeddable":true,"href":"https:\/\/bfab.nu\/no\/wp-json\/wp\/v2\/product_tag?post=3113"}],"curies":[{"name":"wp","href":"https:\/\/api.w.org\/{rel}","templated":true}]}}