{"id":3108,"date":"2018-05-15T17:06:52","date_gmt":"2018-05-15T15:06:52","guid":{"rendered":"http:\/\/bfab.nu\/produkter\/ukategorisert\/lassprinthallare-lv-skrot-dorrar-2-st-per-flak\/"},"modified":"2018-05-15T17:06:52","modified_gmt":"2018-05-15T15:06:52","slug":"lassprinthallare-lv-skrot-dorrar-2-st-per-flak","status":"publish","type":"product","link":"https:\/\/bfab.nu\/no\/produkter\/reservdelar-no\/lassprinthallare-lv-skrot-dorrar-2-st-per-flak\/","title":{"rendered":"L\u00e5ssprinth\u00e5llare LV Skrot d\u00f6rrar (2 st per flak)"},"content":{"rendered":"","protected":false},"excerpt":{"rendered":"","protected":false},"featured_media":2452,"template":"","meta":[],"product_brand":[],"product_cat":[95],"product_tag":[],"class_list":{"0":"post-3108","1":"product","2":"type-product","3":"status-publish","4":"has-post-thumbnail","6":"product_cat-reservdelar-no","7":"description-off","9":"first","10":"instock","11":"shipping-taxable","12":"product-type-simple"},"_links":{"self":[{"href":"https:\/\/bfab.nu\/no\/wp-json\/wp\/v2\/product\/3108","targetHints":{"allow":["GET"]}}],"collection":[{"href":"https:\/\/bfab.nu\/no\/wp-json\/wp\/v2\/product"}],"about":[{"href":"https:\/\/bfab.nu\/no\/wp-json\/wp\/v2\/types\/product"}],"wp:featuredmedia":[{"embeddable":true,"href":"https:\/\/bfab.nu\/no\/wp-json\/wp\/v2\/media\/2452"}],"wp:attachment":[{"href":"https:\/\/bfab.nu\/no\/wp-json\/wp\/v2\/media?parent=3108"}],"wp:term":[{"taxonomy":"product_brand","embeddable":true,"href":"https:\/\/bfab.nu\/no\/wp-json\/wp\/v2\/product_brand?post=3108"},{"taxonomy":"product_cat","embeddable":true,"href":"https:\/\/bfab.nu\/no\/wp-json\/wp\/v2\/product_cat?post=3108"},{"taxonomy":"product_tag","embeddable":true,"href":"https:\/\/bfab.nu\/no\/wp-json\/wp\/v2\/product_tag?post=3108"}],"curies":[{"name":"wp","href":"https:\/\/api.w.org\/{rel}","templated":true}]}}