{"id":2975,"date":"2018-05-30T15:28:12","date_gmt":"2018-05-30T13:28:12","guid":{"rendered":"http:\/\/bfab.nu\/?post_type=product&#038;p=2975"},"modified":"2018-05-30T15:30:04","modified_gmt":"2018-05-30T13:30:04","slug":"nlvx-40-os","status":"publish","type":"product","link":"https:\/\/bfab.nu\/no\/produkter\/krokcontainere\/sideapning\/nlvx-40-os\/","title":{"rendered":"NLVX-40-OS"},"content":{"rendered":"<h4>Krokcontainere med side\u00e5pning<\/h4>\n<p>Vi leverer side\u00e5pningscontainere i de fleste st\u00f8rrelser og i forskjellige st\u00e5ltyper.<\/p>\n<p>Vi tilpasser st\u00f8rrelse og utf\u00f8relse etter kundens \u00f8nsker.<\/p>\n<p>Ta kontakt for priser og ytterligere opplysninger.<\/p>\n","protected":false},"excerpt":{"rendered":"<h4>Dokument<\/h4>\n<p>[pdf_all_attachments]<\/p>\n","protected":false},"featured_media":2976,"template":"","meta":[],"product_brand":[],"product_cat":[85],"product_tag":[],"class_list":{"0":"post-2975","1":"product","2":"type-product","3":"status-publish","4":"has-post-thumbnail","6":"product_cat-sideapning","7":"description-off","9":"first","10":"instock","11":"shipping-taxable","12":"product-type-simple"},"_links":{"self":[{"href":"https:\/\/bfab.nu\/no\/wp-json\/wp\/v2\/product\/2975","targetHints":{"allow":["GET"]}}],"collection":[{"href":"https:\/\/bfab.nu\/no\/wp-json\/wp\/v2\/product"}],"about":[{"href":"https:\/\/bfab.nu\/no\/wp-json\/wp\/v2\/types\/product"}],"wp:featuredmedia":[{"embeddable":true,"href":"https:\/\/bfab.nu\/no\/wp-json\/wp\/v2\/media\/2976"}],"wp:attachment":[{"href":"https:\/\/bfab.nu\/no\/wp-json\/wp\/v2\/media?parent=2975"}],"wp:term":[{"taxonomy":"product_brand","embeddable":true,"href":"https:\/\/bfab.nu\/no\/wp-json\/wp\/v2\/product_brand?post=2975"},{"taxonomy":"product_cat","embeddable":true,"href":"https:\/\/bfab.nu\/no\/wp-json\/wp\/v2\/product_cat?post=2975"},{"taxonomy":"product_tag","embeddable":true,"href":"https:\/\/bfab.nu\/no\/wp-json\/wp\/v2\/product_tag?post=2975"}],"curies":[{"name":"wp","href":"https:\/\/api.w.org\/{rel}","templated":true}]}}