{"id":2947,"date":"2018-05-30T14:35:35","date_gmt":"2018-05-30T12:35:35","guid":{"rendered":"http:\/\/bfab.nu\/?post_type=product&#038;p=2947"},"modified":"2018-05-30T14:36:03","modified_gmt":"2018-05-30T12:36:03","slug":"t-8-loftbart-tak","status":"publish","type":"product","link":"https:\/\/bfab.nu\/no\/produkter\/krokcontainere\/taklosninger\/t-8-loftbart-tak\/","title":{"rendered":"T-8 L\u00f8ftbart tak"},"content":{"rendered":"","protected":false},"excerpt":{"rendered":"<p>Avtagbart st\u00e5ltak med sentrert l\u00f8ftepunkt<\/p>\n<p>L\u00f8ftes med klo<\/p>\n<p>L\u00e5sbart under transport<\/p>\n","protected":false},"featured_media":2938,"template":"","meta":[],"product_brand":[],"product_cat":[84],"product_tag":[],"class_list":{"0":"post-2947","1":"product","2":"type-product","3":"status-publish","4":"has-post-thumbnail","6":"product_cat-taklosninger","7":"description-off","9":"first","10":"instock","11":"shipping-taxable","12":"product-type-simple"},"_links":{"self":[{"href":"https:\/\/bfab.nu\/no\/wp-json\/wp\/v2\/product\/2947","targetHints":{"allow":["GET"]}}],"collection":[{"href":"https:\/\/bfab.nu\/no\/wp-json\/wp\/v2\/product"}],"about":[{"href":"https:\/\/bfab.nu\/no\/wp-json\/wp\/v2\/types\/product"}],"wp:featuredmedia":[{"embeddable":true,"href":"https:\/\/bfab.nu\/no\/wp-json\/wp\/v2\/media\/2938"}],"wp:attachment":[{"href":"https:\/\/bfab.nu\/no\/wp-json\/wp\/v2\/media?parent=2947"}],"wp:term":[{"taxonomy":"product_brand","embeddable":true,"href":"https:\/\/bfab.nu\/no\/wp-json\/wp\/v2\/product_brand?post=2947"},{"taxonomy":"product_cat","embeddable":true,"href":"https:\/\/bfab.nu\/no\/wp-json\/wp\/v2\/product_cat?post=2947"},{"taxonomy":"product_tag","embeddable":true,"href":"https:\/\/bfab.nu\/no\/wp-json\/wp\/v2\/product_tag?post=2947"}],"curies":[{"name":"wp","href":"https:\/\/api.w.org\/{rel}","templated":true}]}}