{"id":2946,"date":"2018-05-30T14:34:57","date_gmt":"2018-05-30T12:34:57","guid":{"rendered":"http:\/\/bfab.nu\/?post_type=product&#038;p=2946"},"modified":"2018-05-30T14:35:24","modified_gmt":"2018-05-30T12:35:24","slug":"rullekapell","status":"publish","type":"product","link":"https:\/\/bfab.nu\/no\/produkter\/krokcontainere\/taklosninger\/rullekapell\/","title":{"rendered":"Rullekapell"},"content":{"rendered":"","protected":false},"excerpt":{"rendered":"<p>Rullepresenning med sveiv\u00a0for skjerming og sikring av last.<\/p>\n<p>Produsert i kraftig duk med forsterkninger.<\/p>\n<p>Leveres med strammeb\u00e5nd og festestropper.<\/p>\n<p>Kan leveres p\u00e5 alle v\u00e5re \u00e5pne\u00a0krokcontainere.<\/p>\n","protected":false},"featured_media":2936,"template":"","meta":[],"product_brand":[],"product_cat":[84],"product_tag":[],"class_list":{"0":"post-2946","1":"product","2":"type-product","3":"status-publish","4":"has-post-thumbnail","6":"product_cat-taklosninger","7":"description-off","9":"first","10":"instock","11":"shipping-taxable","12":"product-type-simple"},"_links":{"self":[{"href":"https:\/\/bfab.nu\/no\/wp-json\/wp\/v2\/product\/2946","targetHints":{"allow":["GET"]}}],"collection":[{"href":"https:\/\/bfab.nu\/no\/wp-json\/wp\/v2\/product"}],"about":[{"href":"https:\/\/bfab.nu\/no\/wp-json\/wp\/v2\/types\/product"}],"wp:featuredmedia":[{"embeddable":true,"href":"https:\/\/bfab.nu\/no\/wp-json\/wp\/v2\/media\/2936"}],"wp:attachment":[{"href":"https:\/\/bfab.nu\/no\/wp-json\/wp\/v2\/media?parent=2946"}],"wp:term":[{"taxonomy":"product_brand","embeddable":true,"href":"https:\/\/bfab.nu\/no\/wp-json\/wp\/v2\/product_brand?post=2946"},{"taxonomy":"product_cat","embeddable":true,"href":"https:\/\/bfab.nu\/no\/wp-json\/wp\/v2\/product_cat?post=2946"},{"taxonomy":"product_tag","embeddable":true,"href":"https:\/\/bfab.nu\/no\/wp-json\/wp\/v2\/product_tag?post=2946"}],"curies":[{"name":"wp","href":"https:\/\/api.w.org\/{rel}","templated":true}]}}