{"id":2701,"date":"2018-05-16T12:02:23","date_gmt":"2018-05-16T10:02:23","guid":{"rendered":"http:\/\/bfab.nu\/?page_id=2701"},"modified":"2018-05-16T12:03:12","modified_gmt":"2018-05-16T10:03:12","slug":"salgbetingelser","status":"publish","type":"page","link":"https:\/\/bfab.nu\/no\/salgbetingelser\/","title":{"rendered":"Salgbetingelser"},"content":{"rendered":"<div class=\"wpb-content-wrapper\"><p>[vc_row type=&raquo;vc_default&raquo;][vc_column css=&raquo;.vc_custom_1498229431694{padding-bottom: 50px !important;}&raquo;]<div id=\"ultimate-heading-475169f3e5b104a75\" class=\"uvc-heading ult-adjust-bottom-margin ultimate-heading-475169f3e5b104a75 uvc-2080 \" data-hspacer=\"no_spacer\"  data-halign=\"left\" style=\"text-align:left\"><div class=\"uvc-heading-spacer no_spacer\" style=\"top\"><\/div><div class=\"uvc-main-heading ult-responsive\"  data-ultimate-target='.uvc-heading.ultimate-heading-475169f3e5b104a75 h2'  data-responsive-json-new='{\"font-size\":\"desktop:26px;\",\"line-height\":\"desktop:32px;\"}' ><h2 style=\"font-weight:bold;margin-bottom:20px;\">GENERELLE SALGS- OG LEVERINGBETINGELSER BALTICUM FRINAB AS<\/h2><\/div><\/div>[vc_column_text]1) GENERELT<br \/>\na) Generelle leveringsbetingelser fra Balticum Frinab AS (heretter kalt BF) gjelder for alle leveranser dersom de ikke skriftelig er satt til side gjennom avtale mellom partene. Andre betingelser er ikke gyldige dersom de ikke skriftlig er akseptert av BF.<\/p>\n<p>2) OM TILBUD OG ORDRE<br \/>\na) Dersom ikke annet er skriftlig avtalt leveres produktene i standard utf\u00f8relse.<br \/>\nb) Spesifikasjon, pris og tekniske data som er oppgitt i tegninger, brosjyrer og datablad er \u00e5 regne som veiledende. De er derfor ikke bindende med mindre annet er uttrykt skriftlig.<br \/>\nc) Ordren er ikke gyldig f\u00f8r bemyndiget person hos kj\u00f8per har godkjent, signert og returnert kontrakt\/ ordrebekreftelse med n\u00f8dvendige vedlegg.<br \/>\nd) Innhold i tilbud er ikke bindende ut over det som tydelig fremkommer i skriftlig form.<\/p>\n<p>3) LEVERANSETID OG UTLEVERING<br \/>\na) De leveringstider som er oppgitt er veiledende. De kan derfor ikke gi grunnlag for misligholdsbef\u00f8yelser i form av heving og\/eller erstatning, s\u00e5 sant annet ikke er avtalt skriftlig.<br \/>\nb) Leveransetid for produksjonsordre m\u00e5 beregnes ut i fra den dato kj\u00f8per har godkjent, signert og returnert kontrakt\/ ordrebekreftelse med n\u00f8dvendige vedlegg.<br \/>\nc) Varer kj\u00f8per ikke har hentet innen rimelig tid kan sendes for kundens regning og risiko.<\/p>\n<p>4) FORSENDELSE\/RISIKO<br \/>\na) Varene utleveres FCA (Incoterms 2000) avtalt lager n\u00e5r ikke annet er avtalt.<br \/>\nb) Ved avtaletransport benyttes frakt CPT adresse, og lossing foreg\u00e5r for kundens risiko og regning.<br \/>\nc) Andre betingelser skal tydelig fremg\u00e5 skriftlig i ordrebekreftelse\/kontrakt.<br \/>\nd) N\u00e5r kj\u00f8per selv st\u00e5r for frakt forventes det at varene er hentet uten ugrunnet opphold.<\/p>\n<p>5) FORCE MAJEURE<br \/>\na) Situasjoner som oppst\u00e5r utenfor BF sin kontroll og som hindrer leveranse i rett tid eller umuliggj\u00f8r denne, gir ikke grunnlag for krav om heving, erstatning eller andre misligholdsbef\u00f8yelser fra kj\u00f8per. Slike situasjoner kan for eksempel v\u00e6re arbeidskonflikter, r\u00e5varemangel, brann, krig og katastrofer, oppr\u00f8r og lignende.<br \/>\nb) Dersom BF vil p\u00e5berope seg situasjoner som nevnt skal kj\u00f8per informeres uten ugrunnet opphold.<\/p>\n<p>6) BETALINGSBETINGELSER<br \/>\na) Dersom ikke annet er skriftlig avtalt gjelder fakturadato pluss 15 dager som betalingsbetingelse.<br \/>\nb) Forsinket betaling plikter kj\u00f8per \u00e5 betale forsinkelsesrente i henhold til Forsinkelsesrenteloven av 17. des. 1976 nr. 100.<br \/>\nc) Finansiering av kj\u00f8p gjennom tredjepart krever at kj\u00f8per opplyser om dette ved bestilling, og likeledes \u00e5 fremskaffe tilsagn fra finansinstitusjon f\u00f8r ordren effektueres. Mangler slike opplysning kan BF fremsette misligholdsbef\u00f8yelser overfor kj\u00f8per.<br \/>\nd) Fakturering foreg\u00e5r l\u00f8pende s\u00e5 snart varen er stilt til kj\u00f8pers r\u00e5dighet og meldt klar.<br \/>\ne) Eiendomsretten til varen eller tjenesten er forbeholdt BF inntil kj\u00f8pesummen med tillegg av eventuelle renter og omkostninger er fullt ut betalt. BF har rett til \u00e5 be om tilbakelevering ved mislighold av betaling i forhold til avtale om salgspant i de leverte produkter\/varer, jfr Lov om pant \u00a73-14, jfr 3-<br \/>\nf) Ved underskrift av avtalen har eiendoms-forbeholdet\/ salgspantet rettsvern, samtidig med at varen og\/eller tjenesten overgis til kj\u00f8per.<br \/>\ng) Det kan kreves at kj\u00f8per stiller ekstraordin\u00e6r sikkerhet for riktig og rettidig betaling. Betaling f\u00f8r levering kan erstatte krav om manglende sikkerhet.<\/p>\n<p>7) REKLAMASJON<br \/>\na) N\u00e5r feil er oppdaget m\u00e5 reklamasjon fremsettes omg\u00e5ende.<br \/>\nb) Framf\u00f8ring av reklamasjonen skal v\u00e6re skriftlig, sammen med eventuell avviksmelding og bilder.<br \/>\nc) Retten til \u00e5 reklamere frafalles dersom kunden ikke innen rimelig tid etter at feil er oppdaget fremf\u00f8rer melding om dette til BF.<br \/>\nd) Mangel i kj\u00f8psrettslig forstand m\u00e5 baseres p\u00e5 klare avvik fra hva som er normal standard for en slik vare, eller i uoverensstemmelse med hva som er skriftlig avtalt.<br \/>\ne) Ved en mangel som er godtatt og akseptert kan BF velge om denne vil utbedre mangelen, foresl\u00e5 en kompensasjon eller foreta en omlevering.<br \/>\nf) Utbedringer som ikke er avtalt og godkjent av BF foreg\u00e5r for kj\u00f8pers egen risiko og regning. Det forhindrer dessuten alle senere rettigheter for utbedring, omlevering eller prisavslag.<br \/>\ng) Reklamasjonssakens omfang begrenses, uansett tilfelle, til maksimalt varens fakturaverdi.<br \/>\nh) BF er ikke ansvarlig for skader under bruk, p\u00e5f\u00f8rte skader, eller former for indirekte skade eller tap som for\u00e5rsakes i forbindelse med anvendelse.<\/p>\n<p>8) S\u00c6RLIGE RETTIGHETER<br \/>\na) Tegninger eller utstyr som utarbeides i forbindelse med ordre og produksjon er BF sin eiendom. Tegninger eller utstyr for produksjon utleveres ikke for bruk hos kj\u00f8per eller tredjepart.<br \/>\nb) For tegninger og\/eller utstyr som overleveres fra kj\u00f8per for produksjon hos BF m\u00e5 kj\u00f8per garantere for at tredjemanns patenter eller rettigheter ikke er misligholdt. Om slike forhold allikevel oppst\u00e5r er kj\u00f8per ansvarlig overfor tredjemann.<\/p>\n<p>9) TVISTER<br \/>\na) En tvist som m\u00e5tte oppst\u00e5 som en f\u00f8lge av denne avtalen, skal fors\u00f8kes l\u00f8st ved samtaler innen 30 dager fra det tidspunkt en av partene fremsetter krav om dette. Partene vedtar Moss Tingrett som verneting.<\/p>\n<p>Revidert 19.1.2010 KK[\/vc_column_text][\/vc_column][\/vc_row]<\/p>\n<\/div>","protected":false},"excerpt":{"rendered":"<p>[vc_row type=&raquo;vc_default&raquo;][vc_column css=&raquo;.vc_custom_1498229431694{padding-bottom: 50px !important;}&raquo;][vc_column_text]1) GENERELT a) Generelle leveringsbetingelser fra Balticum Frinab AS (heretter kalt BF) gjelder for alle leveranser dersom de ikke skriftelig er satt til side gjennom avtale mellom partene. Andre betingelser er ikke gyldige dersom de ikke skriftlig er akseptert av BF. 2) OM TILBUD OG ORDRE a) Dersom ikke annet er&hellip;<\/p>\n","protected":false},"author":7,"featured_media":0,"parent":0,"menu_order":100,"comment_status":"closed","ping_status":"closed","template":"","meta":{"footnotes":""},"class_list":["post-2701","page","type-page","status-publish","hentry","description-off"],"_links":{"self":[{"href":"https:\/\/bfab.nu\/no\/wp-json\/wp\/v2\/pages\/2701","targetHints":{"allow":["GET"]}}],"collection":[{"href":"https:\/\/bfab.nu\/no\/wp-json\/wp\/v2\/pages"}],"about":[{"href":"https:\/\/bfab.nu\/no\/wp-json\/wp\/v2\/types\/page"}],"author":[{"embeddable":true,"href":"https:\/\/bfab.nu\/no\/wp-json\/wp\/v2\/users\/7"}],"replies":[{"embeddable":true,"href":"https:\/\/bfab.nu\/no\/wp-json\/wp\/v2\/comments?post=2701"}],"version-history":[{"count":0,"href":"https:\/\/bfab.nu\/no\/wp-json\/wp\/v2\/pages\/2701\/revisions"}],"wp:attachment":[{"href":"https:\/\/bfab.nu\/no\/wp-json\/wp\/v2\/media?parent=2701"}],"curies":[{"name":"wp","href":"https:\/\/api.w.org\/{rel}","templated":true}]}}