{"id":2695,"date":"2018-05-16T11:53:13","date_gmt":"2018-05-16T09:53:13","guid":{"rendered":"http:\/\/bfab.nu\/?page_id=2695"},"modified":"2018-05-16T11:59:05","modified_gmt":"2018-05-16T09:59:05","slug":"om-oss","status":"publish","type":"page","link":"https:\/\/bfab.nu\/no\/om-oss\/","title":{"rendered":"Om oss"},"content":{"rendered":"<div class=\"wpb-content-wrapper\"><p>[vc_row type=&raquo;vc_default&raquo; css=&raquo;.vc_custom_1476012908960{padding-top: 70px !important;padding-bottom: 25px !important;}&raquo;][vc_column css=&raquo;.vc_custom_1476013037503{padding-bottom: 25px !important;}&raquo;]<div id=\"ultimate-heading-826269f6448e6711b\" class=\"uvc-heading ult-adjust-bottom-margin ultimate-heading-826269f6448e6711b uvc-366 \" data-hspacer=\"no_spacer\"  data-halign=\"left\" style=\"text-align:left\"><div class=\"uvc-heading-spacer no_spacer\" style=\"top\"><\/div><div class=\"uvc-main-heading ult-responsive\"  data-ultimate-target='.uvc-heading.ultimate-heading-826269f6448e6711b h2'  data-responsive-json-new='{\"font-size\":\"desktop:26px;\",\"line-height\":\"desktop:32px;\"}' ><h2 style=\"font-weight:bold;margin-bottom:25px;\">Hvem er Baltium Frinab as?<\/h2><\/div><\/div>[vc_column_text css=&raquo;.vc_custom_1526464743842{margin-bottom: 35px !important;padding-top: 50px !important;padding-bottom: 50px !important;}&raquo;]\u2022 Balticum Frinab\u00a0AS er den norske delen av BFAB-konsernet som har hovedkontor i Syd-Sverige.<br \/>\n\u2022\u00a0Med utspring i Balticum Frinab AB og Frinnaryd Svetsindustrier AB, samt egen produksjon i Sverige, Russland og Polen har selskapet lang erfaring med produksjon og salg av containere og avfallsl\u00f8sninger i Skandinavia.<br \/>\n\u2022\u00a0Selskapets m\u00e5l er \u00e5 levere kvalitet til konkurransedyktige priser og v\u00e5re l\u00f8sninger er tilpasset kundens krav om rasjonell utnyttelse og drift.<br \/>\n\u2022\u00a0Balticum Frinab as har levert til det norske markedet siden 1986, f\u00f8rst fra Sverige gjennom agenter og senere gjennom eget selskap.<br \/>\n\u2022\u00a0Produktutvikling st\u00e5r sentralt i konsernet, og det jobbes kontinuerlig for \u00e5 heve standard og kvalitet.<br \/>\n\u2022\u00a0Balticum Frinab as har flere konstrukt\u00f8rer og en stab med dyktig teknisk personell som leder produktutviklingen.<br \/>\n\u2022\u00a0Balticum Frinab as har egen produktlinje for det norske markedet tilpasset s\u00e6regne bruksomr\u00e5der, transportforhold og v\u00e6rforhold.<br \/>\n\u2022\u00a0Vi ser en stadig st\u00f8rre interesse for selskapets produkter i Norge, med dertil positiv omsetnings\u00f8kning.[\/vc_column_text][\/vc_column][\/vc_row]<\/p>\n<\/div>","protected":false},"excerpt":{"rendered":"<p>[vc_row type=&raquo;vc_default&raquo; css=&raquo;.vc_custom_1476012908960{padding-top: 70px !important;padding-bottom: 25px !important;}&raquo;][vc_column css=&raquo;.vc_custom_1476013037503{padding-bottom: 25px !important;}&raquo;][vc_column_text css=&raquo;.vc_custom_1526464743842{margin-bottom: 35px !important;padding-top: 50px !important;padding-bottom: 50px !important;}&raquo;]\u2022 Balticum Frinab\u00a0AS er den norske delen av BFAB-konsernet som har hovedkontor i Syd-Sverige. \u2022\u00a0Med utspring i Balticum Frinab AB og Frinnaryd Svetsindustrier AB, samt egen produksjon i Sverige, Russland og Polen har selskapet lang erfaring med produksjon og&hellip;<\/p>\n","protected":false},"author":7,"featured_media":0,"parent":0,"menu_order":100,"comment_status":"closed","ping_status":"closed","template":"","meta":{"footnotes":""},"class_list":["post-2695","page","type-page","status-publish","hentry","description-off"],"_links":{"self":[{"href":"https:\/\/bfab.nu\/no\/wp-json\/wp\/v2\/pages\/2695","targetHints":{"allow":["GET"]}}],"collection":[{"href":"https:\/\/bfab.nu\/no\/wp-json\/wp\/v2\/pages"}],"about":[{"href":"https:\/\/bfab.nu\/no\/wp-json\/wp\/v2\/types\/page"}],"author":[{"embeddable":true,"href":"https:\/\/bfab.nu\/no\/wp-json\/wp\/v2\/users\/7"}],"replies":[{"embeddable":true,"href":"https:\/\/bfab.nu\/no\/wp-json\/wp\/v2\/comments?post=2695"}],"version-history":[{"count":0,"href":"https:\/\/bfab.nu\/no\/wp-json\/wp\/v2\/pages\/2695\/revisions"}],"wp:attachment":[{"href":"https:\/\/bfab.nu\/no\/wp-json\/wp\/v2\/media?parent=2695"}],"curies":[{"name":"wp","href":"https:\/\/api.w.org\/{rel}","templated":true}]}}