{"id":2672,"date":"2018-05-16T10:57:29","date_gmt":"2018-05-16T08:57:29","guid":{"rendered":"http:\/\/bfab.nu\/?page_id=2672"},"modified":"2018-06-15T14:08:34","modified_gmt":"2018-06-15T12:08:34","slug":"hjem","status":"publish","type":"page","link":"https:\/\/bfab.nu\/no\/","title":{"rendered":"Hjem"},"content":{"rendered":"<div class=\"wpb-content-wrapper\"><p>[vc_row equal_height=&raquo;yes&raquo; content_placement=&raquo;middle&raquo; css=&raquo;.vc_custom_1528703669632{margin-top: 0px !important;margin-bottom: 50px !important;}&raquo;][vc_column]<div class=\"aio-icon-component  vc_custom_1529063150230  accent-icon-bg style_1\"><a class=\"aio-icon-box-link\" href=\"http:\/\/bfab.nu\/produkter\/?lang=no\" ><div id=\"Info-box-wrap-6469\" class=\"aio-icon-box top-icon\" style=\"\"  ><div class=\"aio-icon-top\"><div class=\"ult-just-icon-wrapper  \"><div class=\"align-icon\" style=\"text-align:center;\">\n<div class=\"aio-icon circle \"  style=\"color:#ffffff;font-size:80px;display:inline-block;\">\n\t<i class=\"icomoon-icomoonfree-16x16-search\"><\/i>\n<\/div><\/div><\/div><\/div><div class=\"aio-icon-header\" ><h2 class=\"aio-icon-title ult-responsive\"  data-ultimate-target='#Info-box-wrap-6469 .aio-icon-title'  data-responsive-json-new='{\"font-size\":\"desktop:20px;\",\"line-height\":\"desktop:30px;\"}'  style=\"\">S\u00f8k i v\u00e5re produkter<\/h2><\/div> <!-- header --><div class=\"aio-icon-description ult-responsive\"  data-ultimate-target='#Info-box-wrap-6469 .aio-icon-description'  data-responsive-json-new='{\"font-size\":\"\",\"line-height\":\"\"}'  style=\"\">Bruk v\u00e5r produktguide for \u00e5 finne den rette.<\/div> <!-- description --><\/div> <!-- aio-icon-box --><\/a><\/div> <!-- aio-icon-component -->[\/vc_column][\/vc_row][vc_row full_width=&raquo;stretch_row&raquo; bg_type=&raquo;bg_color&raquo; bg_override=&raquo;ex-full&raquo; type=&raquo;vc_default&raquo; bg_color_value=&raquo;#f5f5f5&#8243; css=&raquo;.vc_custom_1528703947666{padding-top: 70px !important;padding-bottom: 75px !important;}&raquo;][vc_column css=&raquo;.vc_custom_1490364209546{padding-bottom: 80px !important;}&raquo;]<div id=\"ultimate-heading-896469ef76971e051\" class=\"uvc-heading ult-adjust-bottom-margin ultimate-heading-896469ef76971e051 uvc-8544 accent-border-color\" data-hspacer=\"line_only\"  data-halign=\"center\" style=\"text-align:center\"><div class=\"uvc-main-heading ult-responsive\"  data-ultimate-target='.uvc-heading.ultimate-heading-896469ef76971e051 h2'  data-responsive-json-new='{\"font-size\":\"desktop:40px;\",\"line-height\":\"desktop:46px;\"}' ><h2 style=\"font-weight:bold;margin-bottom:15px;\">Velkommen til BFAB<\/h2><\/div><div class=\"uvc-heading-spacer line_only\" style=\"topheight:5px;\"><span class=\"uvc-headings-line\" style=\"border-style:solid;border-bottom-width:5px;border-color:;width:200px;\"><\/span><\/div><\/div>[\/vc_column][vc_column width=&raquo;2\/3&#8243;]<style type=\"text\/css\" data-type=\"the7_shortcodes-inline-css\">.shortcode-single-image-wrap.shortcode-single-image-69c9af64252383c041a239a96b00794f.enable-bg-rollover .rollover i,\n.shortcode-single-image-wrap.shortcode-single-image-69c9af64252383c041a239a96b00794f.enable-bg-rollover .rollover-video i {\n  background: -webkit-linear-gradient();\n  background: linear-gradient();\n}\n.shortcode-single-image-wrap.shortcode-single-image-69c9af64252383c041a239a96b00794f .rollover-icon {\n  font-size: 32px;\n  color: #ffffff;\n  min-width: 44px;\n  min-height: 44px;\n  line-height: 44px;\n  border-radius: 100px;\n  border-style: solid;\n  border-width: 0px;\n}\n.dt-icon-bg-on.shortcode-single-image-wrap.shortcode-single-image-69c9af64252383c041a239a96b00794f .rollover-icon {\n  background: rgba(255,255,255,0.3);\n  box-shadow: none;\n}<\/style><div class=\"shortcode-single-image-wrap shortcode-single-image-69c9af64252383c041a239a96b00794f alignleft  vc_custom_1524818984671 enable-bg-rollover dt-icon-bg-off\" ><div class=\"shortcode-single-image\"><div class=\"fancy-media-wrap\" style=\"\"><img loading=\"lazy\" decoding=\"async\" class=\"preload-me aspect\" src=\"https:\/\/bfab.nu\/wp-content\/uploads\/2018\/04\/JCA9720-1024x529.jpg\" srcset=\"https:\/\/bfab.nu\/wp-content\/uploads\/2018\/04\/JCA9720-1024x529.jpg 1024w\" sizes=\"auto, (max-width: 1024px) 100vw, 1024px\" width=\"1024\" height=\"529\"  data-dt-location=\"https:\/\/bfab.nu\/no\/home\/_jca9720\/\" style=\"--ratio: 1024 \/ 529;\" alt=\"\" \/><\/div><\/div><\/div><div id=\"ultimate-heading-458669ef76971fa20\" class=\"uvc-heading ult-adjust-bottom-margin ultimate-heading-458669ef76971fa20 uvc-412 accent-border-color\" data-hspacer=\"no_spacer\"  data-halign=\"left\" style=\"text-align:left\"><div class=\"uvc-heading-spacer no_spacer\" style=\"top\"><\/div><div class=\"uvc-main-heading ult-responsive\"  data-ultimate-target='.uvc-heading.ultimate-heading-458669ef76971fa20 h2'  data-responsive-json-new='{\"font-size\":\"desktop:26px;\",\"line-height\":\"desktop:32px;\"}' ><h2 style=\"font-weight:bold;margin-bottom:20px;\">Hvem er Baltium Frinab as?<\/h2><\/div><\/div>[vc_column_text css=&raquo;.vc_custom_1527680494636{padding-bottom: 20px !important;}&raquo;]Balticum Frinab\u00a0AS er den norske delen av BFAB-konsernet som har hovedkontor i Syd-Sverige.<\/p>\n<p>Med utspring i Balticum Frinab AB og Frinnaryd Svetsindustrier AB, samt egen produksjon i Sverige, Russland og Polen har selskapet lang erfaring med produksjon og salg av containere og avfallsl\u00f8sninger i Skandinavia.<\/p>\n<p>Selskapets m\u00e5l er \u00e5 levere kvalitet til konkurransedyktige priser og v\u00e5re l\u00f8sninger er tilpasset kundens krav om rasjonell utnyttelse og drift.<\/p>\n<p>Balticum Frinab as har levert til det norske markedet siden 1986, f\u00f8rst fra Sverige gjennom agenter og senere gjennom eget selskap.<\/p>\n<p>Produktutvikling st\u00e5r sentralt i konsernet, og det jobbes kontinuerlig for \u00e5 heve standard og kvalitet.<\/p>\n<p>Balticum Frinab as har flere konstrukt\u00f8rer og en stab med dyktig teknisk personell som leder produktutviklingen.<\/p>\n<p>Balticum Frinab as har egen produktlinje for det norske markedet tilpasset s\u00e6regne bruksomr\u00e5der, transportforhold og v\u00e6rforhold.<\/p>\n<p>Vi ser en stadig st\u00f8rre interesse for selskapets produkter i Norge, med dertil positiv omsetnings\u00f8kning.[\/vc_column_text]<style type=\"text\/css\" data-type=\"the7_shortcodes-inline-css\">#default-btn-f046a9c3fef620a2587a2aba89edb971.ico-right-side > i {\n  margin-right: 0px;\n  margin-left: 8px;\n}\n#default-btn-f046a9c3fef620a2587a2aba89edb971 > i {\n  margin-right: 8px;\n}<\/style><a href=\"http:\/\/bfab.nu\/om-oss\/?lang=no\" class=\"default-btn-shortcode dt-btn dt-btn-s link-hover-off btn-inline-left \" id=\"default-btn-f046a9c3fef620a2587a2aba89edb971\"><span>LES MER OM OSS<\/span><\/a>[\/vc_column][vc_column width=&raquo;1\/3&#8243;][\/vc_column][\/vc_row][vc_row bg_type=&raquo;bg_color&raquo; bg_override=&raquo;ex-full&raquo; type=&raquo;vc_default&raquo; css=&raquo;.vc_custom_1498753666903{padding-top: 60px !important;padding-bottom: 70px !important;}&raquo; bg_color_value=&raquo;#1f365c&raquo;][vc_column]<div id=\"ultimate-heading-671169ef76971fb13\" class=\"uvc-heading ult-adjust-bottom-margin ultimate-heading-671169ef76971fb13 uvc-6288 accent-title-color\" data-hspacer=\"no_spacer\"  data-halign=\"center\" style=\"text-align:center\"><div class=\"uvc-heading-spacer no_spacer\" style=\"top\"><\/div><div class=\"uvc-main-heading ult-responsive\"  data-ultimate-target='.uvc-heading.ultimate-heading-671169ef76971fb13 h2'  data-responsive-json-new='{\"font-size\":\"desktop:40px;tablet_portrait:20px;\",\"line-height\":\"desktop:46px;tablet_portrait:26px;\"}' ><h2 style=\"font-family:&#039;Open Sans Condensed&#039;;font-weight:700;margin-bottom:10px;\">Vil du vite mer om hva vi kan tilby?<\/h2><\/div><div class=\"uvc-sub-heading ult-responsive\"  data-ultimate-target='.uvc-heading.ultimate-heading-671169ef76971fb13 .uvc-sub-heading '  data-responsive-json-new='{\"font-size\":\"desktop:70px;tablet_portrait:40px;\",\"line-height\":\"desktop:76px;tablet_portrait:46px;\"}'  style=\"font-family:&#039;Open Sans Condensed&#039;;font-weight:700;color:#ffffff;\">Ring oss s\u00e5 kan vi hjelpe deg!<\/div><\/div><style type=\"text\/css\" data-type=\"the7_shortcodes-inline-css\">#default-btn-55856564ba4f6d2476532288aadc9dec.ico-right-side > i {\n  margin-right: 0px;\n  margin-left: 8px;\n}\n#default-btn-55856564ba4f6d2476532288aadc9dec > i {\n  margin-right: 8px;\n}<\/style><div class=\"btn-align-center\"><a href=\"http:\/\/bfab.nu\/kontakt-oss\/?lang=no\" class=\"default-btn-shortcode dt-btn dt-btn-l link-hover-off  vc_custom_1529063029634\" id=\"default-btn-55856564ba4f6d2476532288aadc9dec\" style=\"width:400px;\"><span>KONTAKT OSS<\/span><\/a><\/div>[\/vc_column][\/vc_row]<\/p>\n<\/div>","protected":false},"excerpt":{"rendered":"<p>[vc_row equal_height=&raquo;yes&raquo; content_placement=&raquo;middle&raquo; css=&raquo;.vc_custom_1528703669632{margin-top: 0px !important;margin-bottom: 50px !important;}&raquo;][vc_column][\/vc_column][\/vc_row][vc_row full_width=&raquo;stretch_row&raquo; bg_type=&raquo;bg_color&raquo; bg_override=&raquo;ex-full&raquo; type=&raquo;vc_default&raquo; bg_color_value=&raquo;#f5f5f5&#8243; css=&raquo;.vc_custom_1528703947666{padding-top: 70px !important;padding-bottom: 75px !important;}&raquo;][vc_column css=&raquo;.vc_custom_1490364209546{padding-bottom: 80px !important;}&raquo;][\/vc_column][vc_column width=&raquo;2\/3&#8243;][vc_column_text css=&raquo;.vc_custom_1527680494636{padding-bottom: 20px !important;}&raquo;]Balticum Frinab\u00a0AS er den norske delen av BFAB-konsernet som har hovedkontor i Syd-Sverige. Med utspring i Balticum Frinab AB og Frinnaryd Svetsindustrier AB, samt egen produksjon i Sverige, Russland og Polen&hellip;<\/p>\n","protected":false},"author":7,"featured_media":0,"parent":0,"menu_order":0,"comment_status":"closed","ping_status":"closed","template":"","meta":{"footnotes":""},"class_list":["post-2672","page","type-page","status-publish","hentry","description-off"],"_links":{"self":[{"href":"https:\/\/bfab.nu\/no\/wp-json\/wp\/v2\/pages\/2672","targetHints":{"allow":["GET"]}}],"collection":[{"href":"https:\/\/bfab.nu\/no\/wp-json\/wp\/v2\/pages"}],"about":[{"href":"https:\/\/bfab.nu\/no\/wp-json\/wp\/v2\/types\/page"}],"author":[{"embeddable":true,"href":"https:\/\/bfab.nu\/no\/wp-json\/wp\/v2\/users\/7"}],"replies":[{"embeddable":true,"href":"https:\/\/bfab.nu\/no\/wp-json\/wp\/v2\/comments?post=2672"}],"version-history":[{"count":0,"href":"https:\/\/bfab.nu\/no\/wp-json\/wp\/v2\/pages\/2672\/revisions"}],"wp:attachment":[{"href":"https:\/\/bfab.nu\/no\/wp-json\/wp\/v2\/media?parent=2672"}],"curies":[{"name":"wp","href":"https:\/\/api.w.org\/{rel}","templated":true}]}}